{"id":135,"date":"2024-10-18T15:52:57","date_gmt":"2024-10-18T15:52:57","guid":{"rendered":"https:\/\/www.audire.pl\/home\/"},"modified":"2026-03-22T20:43:20","modified_gmt":"2026-03-22T20:43:20","slug":"home","status":"publish","type":"page","link":"https:\/\/www.audire.pl\/pl_pl\/","title":{"rendered":"Home"},"content":{"rendered":"\n<div class=\"wp-block-uagb-container uagb-block-5fe6a32d alignfull uagb-is-root-container\"><div class=\"uagb-container-inner-blocks-wrap\">\n<header class=\"wp-block-uagb-advanced-heading uagb-block-739ef4ec\"><h1 class=\"uagb-heading-text\">Jako\u015b\u0107 w standardzie.<em> <\/em><br><br><\/h1><\/header>\n<\/div><\/div>\n\n\n\n<div class=\"wp-block-uagb-container uagb-block-pbfxpthd alignfull uagb-is-root-container\"><div class=\"uagb-container-inner-blocks-wrap\">\n<div class=\"wp-block-uagb-advanced-heading uagb-block-9f28a9dd\"><h2 class=\"uagb-heading-text\">Nasze us\u0142ugi<\/h2><\/div>\n\n\n\n<div class=\"wp-block-uagb-container uagb-layout-grid uagb-block-yiujq7l1\">\n<div class=\"wp-block-uagb-container uagb-block-7ddk5ueo\">\n<div class=\"wp-block-uagb-image alignleft uagb-block-gadl4ckk wp-block-uagb-image--layout-default wp-block-uagb-image--effect-static wp-block-uagb-image--align-left\"><figure class=\"wp-block-uagb-image__figure\"><img loading=\"lazy\" decoding=\"async\" srcset=\"https:\/\/www.audire.pl\/wp-content\/uploads\/2024\/10\/pexels-photo-7821689-7821689-1024x683.jpg ,https:\/\/www.audire.pl\/wp-content\/uploads\/2024\/10\/pexels-photo-7821689-7821689-scaled.jpg 780w, https:\/\/www.audire.pl\/wp-content\/uploads\/2024\/10\/pexels-photo-7821689-7821689-scaled.jpg 360w\" sizes=\"(max-width: 480px) 150px\" src=\"https:\/\/www.audire.pl\/wp-content\/uploads\/2024\/10\/pexels-photo-7821689-7821689-1024x683.jpg\" alt=\"A Hand Holding a Magnifying Glass Near Wooden Table\" class=\"uag-image-1228\" width=\"510\" height=\"300\" title=\"pexels-photo-7821689-7821689\" loading=\"lazy\" role=\"img\"\/><\/figure><\/div>\n\n\n\n<div class=\"wp-block-uagb-info-box uagb-block-o4hg4woq uagb-infobox__content-wrap  uagb-infobox-icon-above-title uagb-infobox-image-valign-top\"><div class=\"uagb-ifb-content\"><div class=\"uagb-ifb-title-wrap\"><h3 class=\"uagb-ifb-title\">Audyt<\/h3><\/div><p class=\"uagb-ifb-desc\">Realizujemy badania i przegl\u0105dy sprawozda\u0144 finansowych, weryfikacje pakiet\u00f3w konsolidacyjnych, due diligence transakcyjne i inne us\u0142ugi po\u015bwiadczaj\u0105ce, itp.<\/p><div class=\"uagb-ifb-button-wrapper wp-block-button\"><a href=\"https:\/\/www.audire.pl\/services\/\" class=\"uagb-infobox-cta-link ast-outline-button\" target=\"_self\" rel=\"noopener noreferrer\" style=\"border-width:revert-layer\" onclick=\"return true;\"><span class=\"uagb-inline-editing\">Wi\u0119cej<\/span><\/a><\/div><\/div><\/div>\n<\/div>\n\n\n\n<div class=\"wp-block-uagb-container uagb-block-fsg11xfx\">\n<div class=\"wp-block-uagb-image alignleft uagb-block-3etqnnyp wp-block-uagb-image--layout-default wp-block-uagb-image--effect-static wp-block-uagb-image--align-left\"><figure class=\"wp-block-uagb-image__figure\"><img loading=\"lazy\" decoding=\"async\" srcset=\"https:\/\/www.audire.pl\/wp-content\/uploads\/2024\/10\/pexels-photo-840996-840996-1024x683.jpg ,https:\/\/www.audire.pl\/wp-content\/uploads\/2024\/10\/pexels-photo-840996-840996-scaled.jpg 780w, https:\/\/www.audire.pl\/wp-content\/uploads\/2024\/10\/pexels-photo-840996-840996-scaled.jpg 360w\" sizes=\"(max-width: 480px) 150px\" src=\"https:\/\/www.audire.pl\/wp-content\/uploads\/2024\/10\/pexels-photo-840996-840996-1024x683.jpg\" alt=\"Man in White Dress Shirt Sitting on Black Rolling Chair While Facing Black Computer Set and Smiling\" class=\"uag-image-1232\" width=\"510\" height=\"300\" title=\"pexels-photo-840996-840996\" loading=\"lazy\" role=\"img\"\/><\/figure><\/div>\n\n\n\n<div class=\"wp-block-uagb-info-box uagb-block-6szugpdw uagb-infobox__content-wrap  uagb-infobox-icon-above-title uagb-infobox-image-valign-top\"><div class=\"uagb-ifb-content\"><div class=\"uagb-ifb-title-wrap\"><h3 class=\"uagb-ifb-title\">Doradztwo<\/h3><\/div><p class=\"uagb-ifb-desc\">Realizujemy projekty doradcze w zakresie rachunkowo\u015bci, finans\u00f3w oraz transakcji M&amp;A, w tym np. opinie ksi\u0119gowe, interim CFO, przej\u015bcie na MSSF.<\/p><div class=\"uagb-ifb-button-wrapper wp-block-button\"><a href=\"https:\/\/www.audire.pl\/services\/\" class=\"uagb-infobox-cta-link ast-outline-button\" target=\"_self\" rel=\"noopener noreferrer\" style=\"border-width:revert-layer\" onclick=\"return true;\"><span class=\"uagb-inline-editing\">Wi\u0119cej<\/span><\/a><\/div><\/div><\/div>\n<\/div>\n\n\n\n<div class=\"wp-block-uagb-container uagb-block-jdnu8lcw\">\n<div class=\"wp-block-uagb-image alignleft uagb-block-e8opljbe wp-block-uagb-image--layout-default wp-block-uagb-image--effect-static wp-block-uagb-image--align-left\"><figure class=\"wp-block-uagb-image__figure\"><img loading=\"lazy\" decoding=\"async\" srcset=\"https:\/\/www.audire.pl\/wp-content\/uploads\/2024\/10\/pexels-photo-5831512-5831512-1024x684.jpg ,https:\/\/www.audire.pl\/wp-content\/uploads\/2024\/10\/pexels-photo-5831512-5831512-scaled.jpg 780w, https:\/\/www.audire.pl\/wp-content\/uploads\/2024\/10\/pexels-photo-5831512-5831512-scaled.jpg 360w\" sizes=\"(max-width: 480px) 150px\" src=\"https:\/\/www.audire.pl\/wp-content\/uploads\/2024\/10\/pexels-photo-5831512-5831512-1024x684.jpg\" alt=\"Close-up of Graph on a Monitor\" class=\"uag-image-1233\" width=\"510\" height=\"300\" title=\"pexels-photo-5831512-5831512\" loading=\"lazy\" role=\"img\"\/><\/figure><\/div>\n\n\n\n<div class=\"wp-block-uagb-info-box uagb-block-vir8uusd uagb-infobox__content-wrap  uagb-infobox-icon-above-title uagb-infobox-image-valign-top\"><div class=\"uagb-ifb-content\"><div class=\"uagb-ifb-title-wrap\"><h3 class=\"uagb-ifb-title\">Wyceny<\/h3><\/div><p class=\"uagb-ifb-desc\">Przeprowadzamy wyceny sp\u00f3\u0142ek, wyceny ZCP oraz innych wybranych aktyw\u00f3w cele rachunkowe lub transakcyjne.<\/p><div class=\"uagb-ifb-button-wrapper wp-block-button\"><a href=\"https:\/\/www.audire.pl\/services\/\" class=\"uagb-infobox-cta-link ast-outline-button\" target=\"_self\" rel=\"noopener noreferrer\" style=\"border-width:revert-layer\" onclick=\"return true;\"><span class=\"uagb-inline-editing\">Wi\u0119cej<\/span><\/a><\/div><\/div><\/div>\n<\/div>\n\n\n\n<div class=\"wp-block-uagb-container uagb-block-bdbhbahm\">\n<div class=\"wp-block-uagb-image alignleft uagb-block-evzmsqex wp-block-uagb-image--layout-default wp-block-uagb-image--effect-static wp-block-uagb-image--align-left\"><figure class=\"wp-block-uagb-image__figure\"><img loading=\"lazy\" decoding=\"async\" srcset=\"https:\/\/www.audire.pl\/wp-content\/uploads\/2024\/10\/pexels-photo-8761299-8761299-1024x684.jpg ,https:\/\/www.audire.pl\/wp-content\/uploads\/2024\/10\/pexels-photo-8761299-8761299-scaled.jpg 780w, https:\/\/www.audire.pl\/wp-content\/uploads\/2024\/10\/pexels-photo-8761299-8761299-scaled.jpg 360w\" sizes=\"(max-width: 480px) 150px\" src=\"https:\/\/www.audire.pl\/wp-content\/uploads\/2024\/10\/pexels-photo-8761299-8761299-1024x684.jpg\" alt=\"White Projector Screen on White Wall\" class=\"uag-image-1234\" width=\"510\" height=\"300\" title=\"pexels-photo-8761299-8761299\" loading=\"lazy\" role=\"img\"\/><\/figure><\/div>\n\n\n\n<div class=\"wp-block-uagb-info-box uagb-block-aapfi6mi uagb-infobox__content-wrap  uagb-infobox-icon-above-title uagb-infobox-image-valign-top\"><div class=\"uagb-ifb-content\"><div class=\"uagb-ifb-title-wrap\"><h3 class=\"uagb-ifb-title\">Szkolenia<\/h3><\/div><p class=\"uagb-ifb-desc\">Efektywnie przekazujemy zgromadzon\u0105 wiedz\u0119 z zakresu rachunkowo\u015bci, zarz\u0105dzania finansami i transakcji M&amp;A.\u200b<\/p><div class=\"uagb-ifb-button-wrapper wp-block-button\"><a href=\"https:\/\/www.audire.pl\/services\/\" class=\"uagb-infobox-cta-link ast-outline-button\" target=\"_self\" rel=\"noopener noreferrer\" style=\"border-width:revert-layer\" onclick=\"return true;\"><span class=\"uagb-inline-editing\">Wi\u0119cej<\/span><\/a><\/div><\/div><\/div>\n<\/div>\n<\/div>\n<\/div><\/div>\n\n\n\n<div data-aos= \"fade-up\" data-aos-duration=\"400\" data-aos-delay=\"0\" data-aos-easing=\"ease\" data-aos-once=\"true\" class=\"wp-block-uagb-container uagb-block-e6bc50fc alignfull uagb-is-root-container\"><div class=\"uagb-container-inner-blocks-wrap\">\n<div class=\"wp-block-uagb-container uagb-block-e4ae5ee7\">\n<div class=\"wp-block-uagb-info-box uagb-block-bda84c5e uagb-infobox__content-wrap  uagb-infobox-icon-above-title uagb-infobox-image-valign-top\"><div class=\"uagb-ifb-content\"><div class=\"uagb-ifb-title-wrap\"><h2 class=\"uagb-ifb-title\">Do\u015bwiadczenie<\/h2><\/div><p class=\"uagb-ifb-desc\">Mamy ponad 20 lat do\u015bwiadczenia w badaniu sprawozda\u0144 finansowych i doradztwie.<br><br>Nasz zesp\u00f3\u0142 zrealizowa\u0142 ponad 100 projekt\u00f3w z obszaru us\u0142ug atestacyjnych, doradztwa transakcyjnego, wycen i szkole\u0144.<br><br>Nasze do\u015bwiadczenie pochodzi ze \u015bwiadczenia us\u0142ug na rzecz ma\u0142ych, \u015brednich i du\u017cych przedsi\u0119biorstw z wielu bran\u017c.<br><br><br><\/p><\/div><\/div>\n<\/div>\n\n\n\n<div class=\"wp-block-uagb-container uagb-block-2de3917e\">\n<div class=\"wp-block-uagb-image alignleft uagb-block-9fc9987d wp-block-uagb-image--layout-overlay wp-block-uagb-image--effect-static wp-block-uagb-image--align-left\"><figure class=\"wp-block-uagb-image__figure\"><img loading=\"lazy\" decoding=\"async\" srcset=\"https:\/\/www.audire.pl\/wp-content\/uploads\/2024\/10\/pexels-photo-7681094-7681094-scaled.jpg ,https:\/\/www.audire.pl\/wp-content\/uploads\/2024\/10\/pexels-photo-7681094-7681094-scaled.jpg 780w, https:\/\/www.audire.pl\/wp-content\/uploads\/2024\/10\/pexels-photo-7681094-7681094-scaled.jpg 360w\" sizes=\"(max-width: 480px) 150px\" src=\"https:\/\/www.audire.pl\/wp-content\/uploads\/2024\/10\/pexels-photo-7681094-7681094-scaled.jpg\" alt=\"Close-Up Photo of Accounting Documents\" class=\"uag-image-1206\" width=\"1610\" height=\"2413\" title=\"pexels-photo-7681094-7681094\" loading=\"lazy\" role=\"img\"\/><div class=\"wp-block-uagb-image--layout-overlay__color-wrapper\"><\/div><div class=\"wp-block-uagb-image--layout-overlay__inner center-center\"><\/div><\/figure><\/div>\n<\/div>\n<\/div><\/div>\n\n\n\n<div data-aos= \"fade-up\" data-aos-duration=\"400\" data-aos-delay=\"0\" data-aos-easing=\"ease\" data-aos-once=\"true\" class=\"wp-block-uagb-container uag-blocks-common-selector uagb-block-ff10cdc8 alignfull uagb-is-root-container\"><div class=\"uagb-container-inner-blocks-wrap\">\n<div class=\"wp-block-uagb-container uagb-block-af742380 alignfull uagb-is-root-container\"><div class=\"uagb-container-inner-blocks-wrap\">\n<div class=\"wp-block-uagb-container uagb-block-6b0a5d2a\">\n<div class=\"wp-block-uagb-info-box uagb-block-65aeb817 uagb-infobox__content-wrap  uagb-infobox-icon-above-title uagb-infobox-image-valign-top\"><div class=\"uagb-ifb-content\"><div class=\"uagb-ifb-title-wrap\"><h2 class=\"uagb-ifb-title\">Realizujemy projekty z wykorzystaniem najnowszych technologii.<\/h2><\/div><\/div><\/div>\n\n\n\n<h5 class=\"wp-block-heading\">Do \u015bwiadczenia us\u0142ug wykorzystujemy wszystkie najnowsze i dost\u0119pne technologie. Pracujemy w zespo\u0142ach oraz indywidualnie. Prace wykonujemy u klienta oraz zdalnie &#8211; zale\u017cnie od jego preferencji.<\/h5>\n<\/div>\n\n\n\t\t\t\t\t<div\n\t\t\t\t\t\tclass=\"wp-block-uagb-image-gallery uagb-block-09cc1758     \"\n\t\t\t\t\t\tstyle=\"\"\n\t\t\t\t\t>\n\t\t\t\t\t\t\t\t\t\t\t<div class=\"spectra-image-gallery spectra-image-gallery__layout--grid spectra-image-gallery__layout--grid-col-3 spectra-image-gallery__layout--grid-col-tab-3 spectra-image-gallery__layout--grid-col-mob-1\">\n\t\t\t\t\t\t\t\t\t\t\t<div class='spectra-image-gallery__media-wrapper' data-spectra-gallery-image-id='1354' tabindex=\"0\">\n\t\t\t\t\t\t\t<div class=\"spectra-image-gallery__media spectra-image-gallery__media--grid\">\n\t\t\t\t<picture>\n\t\t\t\t\t<source media=\"(min-width: 1024px)\" srcset=\"https:\/\/www.audire.pl\/wp-content\/uploads\/2024\/10\/pexels-photo-3861969-3861969-1024x683.jpg\">\n\t\t\t\t\t<source media=\"(min-width: 768px)\" srcset=\"https:\/\/www.audire.pl\/wp-content\/uploads\/2024\/10\/pexels-photo-3861969-3861969-1024x683.jpg\">\n\t\t\t\t\t<img decoding=\"async\" class=\"spectra-image-gallery__media-thumbnail spectra-image-gallery__media-thumbnail--grid\" src=\"https:\/\/www.audire.pl\/wp-content\/uploads\/2024\/10\/pexels-photo-3861969-3861969-300x200.jpg\" alt=\"Code Projected Over Woman\" loading=\"lazy\" \/>\n\t\t\t\t<\/picture>\n\t\t\t\t<div class=\"spectra-image-gallery__media-thumbnail-blurrer\"><\/div>\n\t\t\t\t\t\t\t\t\t\t\t<div class=\"spectra-image-gallery__media-thumbnail-caption-wrapper spectra-image-gallery__media-thumbnail-caption-wrapper--overlay\"><\/div>\n\t\t\t\t\t\t\t\t<\/div>\n\t\t\t\t\t\t<\/div>\n\t\t\t\t\t\t<div class='spectra-image-gallery__media-wrapper' data-spectra-gallery-image-id='1353' tabindex=\"0\">\n\t\t\t\t\t\t\t<div class=\"spectra-image-gallery__media spectra-image-gallery__media--grid\">\n\t\t\t\t<picture>\n\t\t\t\t\t<source media=\"(min-width: 1024px)\" srcset=\"https:\/\/www.audire.pl\/wp-content\/uploads\/2024\/10\/g6bcfc9e85b1569805379bf81e54cf270d3dd227a563538378afa0585ea0498f49124cb98673fce6311932daa447dfdef0f4d1b1982eace0ef64c0111752cb024_1280-5017973-1024x666.jpg\">\n\t\t\t\t\t<source media=\"(min-width: 768px)\" srcset=\"https:\/\/www.audire.pl\/wp-content\/uploads\/2024\/10\/g6bcfc9e85b1569805379bf81e54cf270d3dd227a563538378afa0585ea0498f49124cb98673fce6311932daa447dfdef0f4d1b1982eace0ef64c0111752cb024_1280-5017973-1024x666.jpg\">\n\t\t\t\t\t<img decoding=\"async\" class=\"spectra-image-gallery__media-thumbnail spectra-image-gallery__media-thumbnail--grid\" src=\"https:\/\/www.audire.pl\/wp-content\/uploads\/2024\/10\/g6bcfc9e85b1569805379bf81e54cf270d3dd227a563538378afa0585ea0498f49124cb98673fce6311932daa447dfdef0f4d1b1982eace0ef64c0111752cb024_1280-5017973-300x195.jpg\" alt=\"keyboard, computer, technology\" loading=\"lazy\" \/>\n\t\t\t\t<\/picture>\n\t\t\t\t<div class=\"spectra-image-gallery__media-thumbnail-blurrer\"><\/div>\n\t\t\t\t\t\t\t\t\t\t\t<div class=\"spectra-image-gallery__media-thumbnail-caption-wrapper spectra-image-gallery__media-thumbnail-caption-wrapper--overlay\"><\/div>\n\t\t\t\t\t\t\t\t<\/div>\n\t\t\t\t\t\t<\/div>\n\t\t\t\t\t\t<div class='spectra-image-gallery__media-wrapper' data-spectra-gallery-image-id='1355' tabindex=\"0\">\n\t\t\t\t\t\t\t<div class=\"spectra-image-gallery__media spectra-image-gallery__media--grid\">\n\t\t\t\t<picture>\n\t\t\t\t\t<source media=\"(min-width: 1024px)\" srcset=\"https:\/\/www.audire.pl\/wp-content\/uploads\/2024\/10\/pexels-photo-5716032-5716032-1024x576.jpg\">\n\t\t\t\t\t<source media=\"(min-width: 768px)\" srcset=\"https:\/\/www.audire.pl\/wp-content\/uploads\/2024\/10\/pexels-photo-5716032-5716032-1024x576.jpg\">\n\t\t\t\t\t<img decoding=\"async\" class=\"spectra-image-gallery__media-thumbnail spectra-image-gallery__media-thumbnail--grid\" src=\"https:\/\/www.audire.pl\/wp-content\/uploads\/2024\/10\/pexels-photo-5716032-5716032-300x169.jpg\" alt=\"Person Holding White Ipad Near Macbook Pro\" loading=\"lazy\" \/>\n\t\t\t\t<\/picture>\n\t\t\t\t<div class=\"spectra-image-gallery__media-thumbnail-blurrer\"><\/div>\n\t\t\t\t\t\t\t\t\t\t\t<div class=\"spectra-image-gallery__media-thumbnail-caption-wrapper spectra-image-gallery__media-thumbnail-caption-wrapper--overlay\"><\/div>\n\t\t\t\t\t\t\t\t<\/div>\n\t\t\t\t\t\t<\/div>\n\t\t\t\t\t\t\t\t\t\t<\/div>\n\t\t\t\t\t\t\t\t\t\t\t\t\t\t\t\t\t\t<\/div>\n\t\t\t\t\t\t\t\t\t<\/div><\/div>\n\n\n\n<div class=\"wp-block-uagb-advanced-heading uagb-block-830e6177\"><\/div>\n\n\n\n<div class=\"wp-block-uagb-container uagb-block-af8294e0 alignfull uagb-is-root-container\"><div class=\"uagb-container-inner-blocks-wrap\"><\/div><\/div>\n<\/div><\/div>\n\n\n\n<div data-aos= \"fade-up\" data-aos-duration=\"400\" data-aos-delay=\"0\" data-aos-easing=\"ease\" data-aos-once=\"true\" class=\"wp-block-uagb-container uagb-block-db2d419d alignfull uagb-is-root-container\"><div class=\"uagb-container-inner-blocks-wrap\">\n<div class=\"wp-block-uagb-container uagb-layout-grid uagb-block-964d8b67\">\n<div class=\"wp-block-uagb-info-box uagb-block-f88e0df1 uagb-infobox__content-wrap  uagb-infobox-icon-above-title uagb-infobox-image-valign-top\"><div class=\"uagb-ifb-content\"><div class=\"uagb-ifb-title-wrap\"><h3 class=\"uagb-ifb-title\">Czy chcesz zrealizowa\u0107 z nami projekt?<\/h3><\/div><p class=\"uagb-ifb-desc\">Wys\u0142uchamy Twoich potrzeb i przedstawimy rozwi\u0105zanie.<\/p><\/div><\/div>\n\n\n\n<div class=\"wp-block-uagb-forms uagb-forms__outer-wrap uagb-block-440a348a uagb-forms__medium-btn\"><form class=\"uagb-forms-main-form\" method=\"post\" autocomplete=\"on\" name=\"uagb-form-440a348a\">\n<div class=\"wp-block-uagb-forms-name uagb-forms-name-wrap uagb-forms-field-set uagb-block-2b145733\"><div class=\"uagb-forms-name-label  uagb-forms-input-label\" id=\"2b145733\">Imi\u0119<\/div><input type=\"text\" placeholder=\"Imi\u0119\" class=\"uagb-forms-name-input uagb-forms-input\" name=\"2b145733\" autocomplete=\"given-name\"\/><\/div>\n\n\n\n<div class=\"wp-block-uagb-forms-name uagb-forms-name-wrap uagb-forms-field-set uagb-block-0a4cd497\"><div class=\"uagb-forms-name-label required uagb-forms-input-label\" id=\"0a4cd497\">Nazwisko<\/div><input type=\"text\" placeholder=\"Nazwisko\" required class=\"uagb-forms-name-input uagb-forms-input\" name=\"0a4cd497\" autocomplete=\"family-name\"\/><\/div>\n\n\n\n<div class=\"wp-block-uagb-forms-email uagb-forms-email-wrap uagb-forms-field-set uagb-block-e371a067\"><div class=\"uagb-forms-email-label required uagb-forms-input-label\" id=\"e371a067\">E-mail<\/div><input type=\"email\" class=\"uagb-forms-email-input uagb-forms-input\" placeholder=\"Adres e-mail\" required name=\"e371a067\" autocomplete=\"email\"\/><\/div>\n\n\n\n<div class=\"wp-block-uagb-forms-textarea uagb-forms-textarea-wrap uagb-forms-field-set uagb-block-faac3826\"><div class=\"uagb-forms-textarea-label required uagb-forms-input-label\" id=\"faac3826\">Wiadomo\u015b\u0107<\/div><textarea required class=\"uagb-forms-textarea-input uagb-forms-input\" rows=\"4\" placeholder=\"Tutaj wpisz wiadomo\u015b\u0107.\" name=\"faac3826\" autocomplete=\"off\"><\/textarea><\/div>\n<div class=\"uagb-forms-form-hidden-data\"><input type=\"hidden\" class=\"uagb_forms_form_label\" value=\"Spectra Form\"\/><input type=\"hidden\" class=\"uagb_forms_form_id\" value=\"uagb-form-440a348a\"\/><\/div><div class=\"uagb-form-reacaptcha-error-440a348a\"><\/div><div class=\"uagb-forms-main-submit-button-wrap wp-block-button\"><button class=\"uagb-forms-main-submit-button wp-block-button__link\"><div class=\"uagb-forms-main-submit-button-text\">Wy\u015blij<\/div><\/button><\/div><\/form><div class=\"uagb-forms-success-message-440a348a uagb-forms-submit-message-hide\"><span>Wiadomo\u015b\u0107 zosta\u0142a wys\u0142ana! Odezwiemy si\u0119 tak szybko jak to mo\u017cliwe.<\/span><\/div><div class=\"uagb-forms-failed-message-440a348a uagb-forms-submit-message-hide\"><span>Wiadomo\u015b\u0107 nie zosta\u0142a wys\u0142ana. Wype\u0142nij poprawnie formularz i spr\u00f3buj ponownie.<\/span><\/div><\/div>\n<\/div>\n\n\n\n<div class=\"wp-block-uagb-container uagb-layout-grid uagb-block-3e7a0fa1\">\n<div class=\"wp-block-uagb-advanced-heading uagb-block-165a3982\"><h2 class=\"uagb-heading-text\">Pozw\u00f3l nam razem z Tob\u0105 budowa\u0107 Tw\u00f3j biznes.<\/h2><\/div>\n\n\n\n<h5 class=\"wp-block-heading has-ast-global-color-5-color has-text-color has-link-color wp-elements-0dcaec57e7186334a43759272e16e90d\">AUDIRE to zesp\u00f3\u0142 do\u015bwiadczonych specjalist\u00f3w z najwi\u0119kszych firm audytorsko-doradczych dzia\u0142aj\u0105cych na polskim rynku. Dzi\u0119ki temu potrafimy dostarczy\u0107 wysok\u0105 jako\u015b\u0107 w rozs\u0105dnej cenie.<\/h5>\n<\/div>\n<\/div><\/div>\n\n\n\n<div data-aos= \"fade-up\" data-aos-duration=\"400\" data-aos-delay=\"0\" data-aos-easing=\"ease\" data-aos-once=\"true\" class=\"wp-block-uagb-container uagb-layout-grid uagb-block-40d4d421 alignfull uagb-is-root-container\"><div class=\"uagb-container-inner-blocks-wrap\">\n<div class=\"wp-block-uagb-advanced-heading uagb-block-fb002795\"><h2 class=\"uagb-heading-text\">Kontakt<\/h2><\/div>\n\n\n\n<div class=\"wp-block-uagb-container uagb-block-21a6c763\">\n<div class=\"wp-block-uagb-container uagb-block-673cbee6\"><\/div>\n<\/div>\n\n\n\n<div class=\"wp-block-columns is-layout-flex wp-container-core-columns-is-layout-1 wp-block-columns-is-layout-flex\">\n<div class=\"wp-block-column is-layout-flow wp-block-column-is-layout-flow\" style=\"flex-basis:100%\">\n<p>AUDIRE Assurance Sp. z o.o.<br>al. Jana Paw\u0142a II 22<br>00-133 Warszawa<br>KRS: <strong>0001128428<\/strong><br>NIP: <strong>5273130951<\/strong><br>REGON: <strong>529699482<\/strong><br><br>e: <a href=\"mailto:kontakt@audire.pl\">kontakt@audire.pl<\/a><br>t: <a href=\"tel:+48222472898\" data-type=\"tel\" data-id=\"tel:+48222472898\">22 247 28 98<\/a><\/p>\n\n\n\n<div class=\"wp-block-uagb-container uagb-block-02e2f426\"><\/div>\n<\/div>\n<\/div>\n\n\n\t\t\t<div \n\t\t\tclass=\"wp-block-uagb-google-map uagb-google-map__wrap uagb-block-77121c4f     \"\n\t\t\tstyle=\"\" >\n\t\t\t\t<embed\n\t\t\t\t\tclass=\"uagb-google-map__iframe\"\n\t\t\t\t\ttitle=\"Mapa Google dla \"\n\t\t\t\t\tsrc=\"https:\/\/maps.google.com\/maps?q=Q22%2C%20Warszawa&#038;z=12&#038;hl=en&#038;t=m&#038;output=embed&#038;iwloc=near\"\n\t\t\t\t\twidth=\"640\"\n\t\t\t\t\theight=\"300\"\n\t\t\t\t\tloading=\"lazy\"\n\t\t\t\t><\/embed>\n\t\t\t<\/div>\n\t\t\t<\/div><\/div>\n\n\n\n<p><\/p>\n\n\n\n<div class=\"wp-block-columns is-layout-flex wp-container-core-columns-is-layout-2 wp-block-columns-is-layout-flex\">\n<div class=\"wp-block-column is-layout-flow wp-block-column-is-layout-flow\" style=\"flex-basis:100%\"><\/div>\n<\/div>\n\n\n\n<p><\/p>\n","protected":false},"excerpt":{"rendered":"<p>Jako\u015b\u0107 w standardzie. Nasze us\u0142ugi Do \u015bwiadczenia us\u0142ug wykorzystujemy wszystkie najnowsze i dost\u0119pne technologie. Pracujemy w zespo\u0142ach oraz indywidualnie. Prace wykonujemy u klienta oraz zdalnie &#8211; zale\u017cnie od jego preferencji. Pozw\u00f3l nam razem z Tob\u0105 budowa\u0107 Tw\u00f3j biznes. AUDIRE to zesp\u00f3\u0142 do\u015bwiadczonych specjalist\u00f3w z najwi\u0119kszych firm audytorsko-doradczych dzia\u0142aj\u0105cych na polskim rynku. Dzi\u0119ki temu potrafimy dostarczy\u0107 [&hellip;]<\/p>\n","protected":false},"author":3,"featured_media":0,"parent":0,"menu_order":0,"comment_status":"closed","ping_status":"closed","template":"","meta":{"_uag_custom_page_level_css":"","site-sidebar-layout":"no-sidebar","site-content-layout":"page-builder","ast-site-content-layout":"full-width-container","site-content-style":"default","site-sidebar-style":"unboxed","ast-global-header-display":"","ast-banner-title-visibility":"","ast-main-header-display":"","ast-hfb-above-header-display":"","ast-hfb-below-header-display":"","ast-hfb-mobile-header-display":"","site-post-title":"disabled","ast-breadcrumbs-content":"","ast-featured-img":"disabled","footer-sml-layout":"","ast-disable-related-posts":"","theme-transparent-header-meta":"enabled","adv-header-id-meta":"","stick-header-meta":"","header-above-stick-meta":"","header-main-stick-meta":"","header-below-stick-meta":"","astra-migrate-meta-layouts":"set","ast-page-background-enabled":"default","ast-page-background-meta":{"desktop":{"background-color":"","background-image":"","background-repeat":"repeat","background-position":"center center","background-size":"auto","background-attachment":"scroll","background-type":"","background-media":"","overlay-type":"","overlay-color":"","overlay-opacity":"","overlay-gradient":""},"tablet":{"background-color":"","background-image":"","background-repeat":"repeat","background-position":"center center","background-size":"auto","background-attachment":"scroll","background-type":"","background-media":"","overlay-type":"","overlay-color":"","overlay-opacity":"","overlay-gradient":""},"mobile":{"background-color":"","background-image":"","background-repeat":"repeat","background-position":"center center","background-size":"auto","background-attachment":"scroll","background-type":"","background-media":"","overlay-type":"","overlay-color":"","overlay-opacity":"","overlay-gradient":""}},"ast-content-background-meta":{"desktop":{"background-color":"var(--ast-global-color-5)","background-image":"","background-repeat":"repeat","background-position":"center center","background-size":"auto","background-attachment":"scroll","background-type":"","background-media":"","overlay-type":"","overlay-color":"","overlay-opacity":"","overlay-gradient":""},"tablet":{"background-color":"var(--ast-global-color-5)","background-image":"","background-repeat":"repeat","background-position":"center center","background-size":"auto","background-attachment":"scroll","background-type":"","background-media":"","overlay-type":"","overlay-color":"","overlay-opacity":"","overlay-gradient":""},"mobile":{"background-color":"var(--ast-global-color-5)","background-image":"","background-repeat":"repeat","background-position":"center center","background-size":"auto","background-attachment":"scroll","background-type":"","background-media":"","overlay-type":"","overlay-color":"","overlay-opacity":"","overlay-gradient":""}},"footnotes":""},"class_list":["post-135","page","type-page","status-publish","hentry"],"uagb_featured_image_src":{"full":false,"thumbnail":false,"medium":false,"medium_large":false,"large":false,"1536x1536":false,"2048x2048":false,"trp-custom-language-flag":false},"uagb_author_info":{"display_name":"adam","author_link":"https:\/\/www.audire.pl\/pl_pl\/author\/adam\/"},"uagb_comment_info":0,"uagb_excerpt":"Jako\u015b\u0107 w standardzie. Nasze us\u0142ugi Do \u015bwiadczenia us\u0142ug wykorzystujemy wszystkie najnowsze i dost\u0119pne technologie. Pracujemy w zespo\u0142ach oraz indywidualnie. Prace wykonujemy u klienta oraz zdalnie &#8211; zale\u017cnie od jego preferencji. Pozw\u00f3l nam razem z Tob\u0105 budowa\u0107 Tw\u00f3j biznes. AUDIRE to zesp\u00f3\u0142 do\u015bwiadczonych specjalist\u00f3w z najwi\u0119kszych firm audytorsko-doradczych dzia\u0142aj\u0105cych na polskim rynku. Dzi\u0119ki temu potrafimy dostarczy\u0107&hellip;","_links":{"self":[{"href":"https:\/\/www.audire.pl\/pl_pl\/wp-json\/wp\/v2\/pages\/135"}],"collection":[{"href":"https:\/\/www.audire.pl\/pl_pl\/wp-json\/wp\/v2\/pages"}],"about":[{"href":"https:\/\/www.audire.pl\/pl_pl\/wp-json\/wp\/v2\/types\/page"}],"author":[{"embeddable":true,"href":"https:\/\/www.audire.pl\/pl_pl\/wp-json\/wp\/v2\/users\/3"}],"replies":[{"embeddable":true,"href":"https:\/\/www.audire.pl\/pl_pl\/wp-json\/wp\/v2\/comments?post=135"}],"version-history":[{"count":72,"href":"https:\/\/www.audire.pl\/pl_pl\/wp-json\/wp\/v2\/pages\/135\/revisions"}],"predecessor-version":[{"id":1463,"href":"https:\/\/www.audire.pl\/pl_pl\/wp-json\/wp\/v2\/pages\/135\/revisions\/1463"}],"wp:attachment":[{"href":"https:\/\/www.audire.pl\/pl_pl\/wp-json\/wp\/v2\/media?parent=135"}],"curies":[{"name":"wp","href":"https:\/\/api.w.org\/{rel}","templated":true}]}}