{"id":1337,"date":"2024-10-30T15:24:44","date_gmt":"2024-10-30T15:24:44","guid":{"rendered":"https:\/\/www.audire.pl\/?page_id=1337"},"modified":"2024-11-04T13:50:26","modified_gmt":"2024-11-04T13:50:26","slug":"polityka-prywatnosci","status":"publish","type":"page","link":"https:\/\/www.audire.pl\/en\/polityka-prywatnosci\/","title":{"rendered":"Privacy policy"},"content":{"rendered":"<div class=\"wp-block-uagb-container uagb-block-152ac9da alignfull uagb-is-root-container\"><div class=\"uagb-container-inner-blocks-wrap\"><\/div><\/div>\n\n\n\n<div class=\"wp-block-uagb-container uagb-block-gzmexaw3 alignfull uagb-is-root-container\"><div class=\"uagb-container-inner-blocks-wrap\">\n<div class=\"wp-block-uagb-advanced-heading uagb-block-us32algs\"><h2 class=\"uagb-heading-text\">Privacy policy<\/h2><\/div>\n\n\n<div class=\"wp-block-uagb-faq uagb-faq__outer-wrap uagb-block-p3akcjk6 uagb-faq-icon-row-reverse uagb-faq-layout-accordion uagb-faq-expand-first-true uagb-faq-inactive-other-false uagb-faq__wrap uagb-buttons-layout-wrap uagb-faq-equal-height\" data-faqtoggle=\"true\" role=\"tablist\"><div class=\"wp-block-uagb-faq-child uagb-faq-child__outer-wrap uagb-faq-item uagb-block-p2qepamz\" role=\"tab\" tabindex=\"0\"><div class=\"uagb-faq-questions-button uagb-faq-questions\">\t\t\t<span class=\"uagb-icon uagb-faq-icon-wrap\">\n\t\t\t\t\t\t\t<\/span>\n\t\t\t\t\t\t<span class=\"uagb-icon-active uagb-faq-icon-wrap\">\n\t\t\t\t\t\t\t<\/span>\n\t\t\t<p class=\"uagb-question\">Legal note\/Privacy policy<\/p><\/div><div class=\"uagb-faq-content\"><p>The operator of the www.audire.pl website and the administrator of the personal data referred to below is Audire Assurance sp\u00f3\u0142ka z ograniczon\u0105 odpowiedzialno\u015bci\u0105, with its registered office in Warsaw, ul. registered in the Register of Entrepreneurs kept by the District Court in Warsaw for the Capital City of Warsaw XII Economic Department of the National Court Register under the KRS number 0001128428, NIP 5273130951, REGON 529699482, share capital PLN 20,000.00 (hereinafter referred to as AUDIRE or Operator or Administrator).<\/p><\/div><\/div><div class=\"wp-block-uagb-faq-child uagb-faq-child__outer-wrap uagb-faq-item uagb-block-q8r5x1gr\" role=\"tab\" tabindex=\"0\"><div class=\"uagb-faq-questions-button uagb-faq-questions\">\t\t\t<span class=\"uagb-icon uagb-faq-icon-wrap\">\n\t\t\t\t\t\t\t<\/span>\n\t\t\t\t\t\t<span class=\"uagb-icon-active uagb-faq-icon-wrap\">\n\t\t\t\t\t\t\t<\/span>\n\t\t\t<p class=\"uagb-question\">Contact Details<\/p><\/div><div class=\"uagb-faq-content\"><p>W przypadku jakichkolwiek pyta\u0144 lub w\u0105tpliwo\u015bci dotycz\u0105cych informacji zawartych w niniejszym dokumencie oraz w celu realizacji praw okre\u015blonych poni\u017cej, prosimy o kontakt pod adresem: kontakt@audire.pl<br><\/p><\/div><\/div><div class=\"wp-block-uagb-faq-child uagb-faq-child__outer-wrap uagb-faq-item uagb-block-yuocfzq4\" role=\"tab\" tabindex=\"0\"><div class=\"uagb-faq-questions-button uagb-faq-questions\">\t\t\t<span class=\"uagb-icon uagb-faq-icon-wrap\">\n\t\t\t\t\t\t\t<\/span>\n\t\t\t\t\t\t<span class=\"uagb-icon-active uagb-faq-icon-wrap\">\n\t\t\t\t\t\t\t<\/span>\n\t\t\t<p class=\"uagb-question\">Privacy protection<\/p><\/div><div class=\"uagb-faq-content\"><p class=\"translation-block\">AUDIRE is the controller of the personal data of customers, customer contacts and persons whose data is provided by customers, if this is necessary for AUDIRE to perform the service. To the extent that AUDIRE processes such personal data, it becomes the controller of such data by law. AUDIRE also processes personal data of persons who apply for jobs, work or provide services for us.<br>AUDIRE processes personal data for the following purposes:<br>conducting correspondence or direct contact, if the data provided was voluntarily processed will be based on Art. 6 para. 1 lit. a RODO, if they were obtained by AUDIRE from publicly available sources the basis for processing will be Art. 6(1)(f) RODO, whereby AUDIRE's legitimate interest will be to ensure efficient communication with clients or clients' employees,<br>performance of the service, in this case the processing of personal data will be carried out on the basis of Art. 6(1)(b) RODO,<br>sending alerts regarding the fields in which we specialize, in which case the processing will be carried out with the consent of the addressees on the basis of Article 6(1)(a) RODO, this information may also be sent on the basis of Article 6(1)(f), without explicit consent in order to ensure the highest quality of service and to provide access to AUDIRE's clients' information, which is a legitimate interest of AUDIRE,<br>implementing obligations under the law on the basis of Article 6(1)(c) RODO&lt;b<\/p><\/div><\/div><div class=\"wp-block-uagb-faq-child uagb-faq-child__outer-wrap uagb-faq-item uagb-block-va1jzn4f\" role=\"tab\" tabindex=\"0\"><div class=\"uagb-faq-questions-button uagb-faq-questions\">\t\t\t<span class=\"uagb-icon uagb-faq-icon-wrap\">\n\t\t\t\t\t\t\t<\/span>\n\t\t\t\t\t\t<span class=\"uagb-icon-active uagb-faq-icon-wrap\">\n\t\t\t\t\t\t\t<\/span>\n\t\t\t<p class=\"uagb-question\">Rights of persons whose data AUDIRE processes<\/p><\/div><div class=\"uagb-faq-content\"><p class=\"translation-block\">- The right to information (realized, among other things, by publishing this legal notice and privacy policy, as well as by answering questions addressed to AUDIRE about the processing of personal data ),<br>- The right to withdraw at any time consent to the processing of personal data, which shall have no effect on the processing performed by the Administrator before its withdrawal<br>- The right to access data, <br>- the right to rectify or amend the data,<br>- the right to erasure of the data as long as it does not violate applicable laws,<br>- the right to data portability in situations where the data are processed in computer systems on the basis of consent given or for the purpose of performing a contract,<br>- the right to restrict data processing,<br>- the right to object to processing in situations where it is carried out in the legitimate interests of the Administrator,<\/p><\/div><\/div><div class=\"wp-block-uagb-faq-child uagb-faq-child__outer-wrap uagb-faq-item uagb-block-ecaa26cd\" role=\"tab\" tabindex=\"0\"><div class=\"uagb-faq-questions-button uagb-faq-questions\">\t\t\t<span class=\"uagb-icon uagb-faq-icon-wrap\">\n\t\t\t\t\t\t\t<\/span>\n\t\t\t\t\t\t<span class=\"uagb-icon-active uagb-faq-icon-wrap\">\n\t\t\t\t\t\t\t<\/span>\n\t\t\t<p class=\"uagb-question\">Cookies<\/p><\/div><div class=\"uagb-faq-content\"><p>Witryna przetwarza informacje zawarte w\u00a0plikach cookies. W\u00a0przypadku zbierania informacji o\u00a0u\u017cytkownikach s\u0105 zbierane wy\u0142\u0105cznie anonimowe dane w\u00a0postaci zbiorczej, nie obejmuj\u0105ce danych osobowych.<br>Pliki cookies (tzw. \u201eciasteczka\u201d) stanowi\u0105 dane informatyczne, w\u00a0szczeg\u00f3lno\u015bci pliki tekstowe, kt\u00f3re przechowywane s\u0105 w\u00a0urz\u0105dzeniu ko\u0144cowym u\u017cytkownika niniejszej witryny i\u00a0przeznaczone s\u0105 do\u00a0korzystania ze\u00a0stron internetowych witryny. Cookies zazwyczaj zawieraj\u0105 nazw\u0119 strony internetowej, z\u00a0kt\u00f3rej pochodz\u0105, czas przechowywania ich na\u00a0urz\u0105dzeniu ko\u0144cowym oraz parametry alfanumeryczne.<br>Podmiotem zamieszczaj\u0105cym na\u00a0urz\u0105dzeniu ko\u0144cowym u\u017cytkownika niniejszej witryny pliki cookies oraz uzyskuj\u0105cym do\u00a0nich dost\u0119p jest Operator.<br>Pliki cookies wykorzystywane s\u0105 w\u00a0celu:<br>dostosowania zawarto\u015bci stron internetowych witryny do\u00a0preferencji u\u017cytkownika oraz optymalizacji korzystania ze\u00a0stron internetowych; w\u00a0szczeg\u00f3lno\u015bci pliki te pozwalaj\u0105 rozpozna\u0107 urz\u0105dzenie u\u017cytkownika witryny i\u00a0odpowiednio wy\u015bwietli\u0107 stron\u0119 internetow\u0105, dostosowan\u0105 do\u00a0jego indywidualnych potrzeb,<br>tworzenia statystyk, kt\u00f3re pomagaj\u0105 zrozumie\u0107, w\u00a0jaki spos\u00f3b u\u017cytkownicy witryny korzystaj\u0105 ze\u00a0stron internetowych, co umo\u017cliwia ulepszanie ich struktury i\u00a0zawarto\u015bci.<br>W\u00a0ramach niniejszej witryny stosowane s\u0105 dwa zasadnicze rodzaje plik\u00f3w cookies: \u201esesyjne\u201d (<em>session cookies<\/em>) oraz \u201esta\u0142e\u201d (<em>persistent cookies<\/em>). Cookies \u201esesyjne\u201d s\u0105 plikami tymczasowymi, kt\u00f3re przechowywane s\u0105 w\u00a0urz\u0105dzeniu ko\u0144cowym u\u017cytkownika do\u00a0czasu wylogowania, opuszczenia strony internetowej lub wy\u0142\u0105czenia oprogramowania (przegl\u0105darki internetowej). \u201eSta\u0142e\u201d pliki cookies przechowywane s\u0105 w\u00a0urz\u0105dzeniu ko\u0144cowym u\u017cytkownika przez czas okre\u015blony w\u00a0parametrach plik\u00f3w cookies lub do\u00a0czasu ich usuni\u0119cia przez u\u017cytkownika.<br>W\u00a0ramach niniejszego witryny mog\u0105 by\u0107 stosowane s\u0105 nast\u0119puj\u0105ce rodzaje plik\u00f3w cookies:<br>\u201eniezb\u0119dne\u201d pliki cookies, umo\u017cliwiaj\u0105ce korzystanie z\u00a0us\u0142ug dost\u0119pnych w\u00a0ramach witryny, np. uwierzytelniaj\u0105ce pliki cookies wykorzystywane do\u00a0us\u0142ug wymagaj\u0105cych uwierzytelniania w\u00a0ramach witryny,<br>pliki cookies s\u0142u\u017c\u0105ce do\u00a0zapewnienia bezpiecze\u0144stwa, np. wykorzystywane do\u00a0wykrywania nadu\u017cy\u0107 w\u00a0zakresie uwierzytelniania w\u00a0ramach witryny,<br>\u201ewydajno\u015bciowe\u201d pliki cookies, umo\u017cliwiaj\u0105ce zbieranie informacji o\u00a0sposobie korzystania ze\u00a0stron internetowych witryny,<br>\u201efunkcjonalne\u201d pliki cookies, umo\u017cliwiaj\u0105ce \u201ezapami\u0119tanie\u201d wybranych przez u\u017cytkownika ustawie\u0144 i\u00a0personalizacj\u0119 interfejsu u\u017cytkownika, np. w\u00a0zakresie wybranego j\u0119zyka lub regionu, z\u00a0kt\u00f3rego pochodzi u\u017cytkownik, rozmiaru czcionki, wygl\u0105du strony internetowej itp.<br>AUDIRE informuje, \u017ce w\u00a0celu zbierania i\u00a0analizowania zagregowanych informacji o\u00a0korzystaniu z\u00a0witryny korzysta z\u00a0us\u0142ugi Google Analytics. Zasady dotycz\u0105ce zbierania i\u00a0przetwarzania danych dost\u0119pne s\u0105\u00a0<a href=\"https:\/\/policies.google.com\/technologies\/partner-sites?hl=pl\">tu<\/a>.<br>Przegl\u0105darki internetowe dopuszczaj\u0105 domy\u015blnie przechowywanie plik\u00f3w cookies w\u00a0urz\u0105dzeniu ko\u0144cowym u\u017cytkownika. U\u017cytkownicy mog\u0105 zmieni\u0107 ustawienia dot. plik\u00f3w cookies w\u00a0ustawieniach u\u017cywanej przegl\u0105darki internetowej, jednak mo\u017ce to wp\u0142yn\u0105\u0107 na niekt\u00f3re funkcjonalno\u015bci dost\u0119pne na niniejszej witrynie.<br>\u00a0<\/p><\/div><\/div><div class=\"wp-block-uagb-faq-child uagb-faq-child__outer-wrap uagb-faq-item uagb-block-f7b4dd89\" role=\"tab\" tabindex=\"0\"><div class=\"uagb-faq-questions-button uagb-faq-questions\">\t\t\t<span class=\"uagb-icon uagb-faq-icon-wrap\">\n\t\t\t\t\t\t\t<\/span>\n\t\t\t\t\t\t<span class=\"uagb-icon-active uagb-faq-icon-wrap\">\n\t\t\t\t\t\t\t<\/span>\n\t\t\t<p class=\"uagb-question\">Dane osobowe w procesie rekrutacji<\/p><\/div><div class=\"uagb-faq-content\"><p>W procesie rekrutacji AUDIRE przetwarza dane osobowe na podstawie art. 6 ust. 1 lit. b oraz art. 9 ust. 2 lit b RODO, a\u00a0w\u00a0przypadku podania dodatkowych informacji wykraczaj\u0105cych poza zakres wskazany w\u00a0art. 22\u00b9 Kodeksu pracy na podstawie art. 6 ust. 1 lit a\u00a0oraz art. 9 ust. 2 lit. a\u00a0RODO w\u00a0celu rozpatrzenia z\u0142o\u017conej oferty pracy i\u00a0ewentualnego skontaktowania si\u0119 z\u00a0pa\u0144stwem w\u00a0celu przeprowadzenia dalszej procedury rekrutacyjnej.<br>Podanie danych osobowych jest dobrowolne, jednak niezb\u0119dne do rozpatrzenia z\u0142o\u017conej oferty. Przekazane dane osobowe b\u0119d\u0105 przetwarzane do czasu podj\u0119cia przez AUDIRE decyzji o\u00a0zatrudnieniu. Dane osobowe zgromadzone w\u00a0procesie rekrutacji mog\u0105 by\u0107 ujawniane podmiotom \u015bwiadcz\u0105cym us\u0142ugi pocztowe w\u00a0rozumieniu przepis\u00f3w Ustawy z\u00a023 listopada 2012 roku \u2013 Prawo pocztowe, w\u00a0celu skontaktowania si\u0119 z\u00a0osob\u0105 bior\u0105ca udzia\u0142 w\u00a0rekrutacji.<br>W zwi\u0105zku z\u00a0przetwarzaniem podanych danych osobowych osobom bior\u0105cym udzia\u0142 w\u00a0rekrutacji przys\u0142uguj\u0105 nast\u0119puj\u0105ce prawa:<br>prawo wycofania zgody na przetwarzanie danych osobowych, kt\u00f3re pozostaje bez skutku dla przetwarzania, kt\u00f3rego dokona\u0142 Administrator przed jej wycofaniem.<br>prawo do \u017c\u0105dania od Administratora dost\u0119pu do swoich danych osobowych, ich sprostowania, usuni\u0119cia lub ograniczenia ich przetwarzania.<br>prawo do przenoszenia danych w\u00a0zakresie, w\u00a0jakim s\u0105 one przetwarzane w\u00a0systemach informatycznych na podstawie udzielonej zgody lub w\u00a0celu zawarcia, wykonania i\u00a0realizacji umowy.<br>prawo do wniesienia sprzeciwu wobec przetwarzania w\u00a0sytuacjach gdy dane osobowe przetwarzane s\u0105 w\u00a0celu zadania realizowanego w\u00a0interesie publicznym lub w\u00a0ramach sprawowania w\u0142adzy publicznej lub przetwarzanie jest niezb\u0119dne do cel\u00f3w wynikaj\u0105cych z\u00a0prawnie uzasadnionych interes\u00f3w realizowanych przez Administratora.<br>prawo wniesienia skargi do organu nadzorczego Prezesa Urz\u0119du Ochrony Danych Osobowych.<\/p><\/div><\/div><div class=\"wp-block-uagb-faq-child uagb-faq-child__outer-wrap uagb-faq-item uagb-block-21d04df9\" role=\"tab\" tabindex=\"0\"><div class=\"uagb-faq-questions-button uagb-faq-questions\">\t\t\t<span class=\"uagb-icon uagb-faq-icon-wrap\">\n\t\t\t\t\t\t\t<\/span>\n\t\t\t\t\t\t<span class=\"uagb-icon-active uagb-faq-icon-wrap\">\n\t\t\t\t\t\t\t<\/span>\n\t\t\t<p class=\"uagb-question\">Informacja dot. wniesienia skargi na przetwarzanie danych<\/p><\/div><div class=\"uagb-faq-content\"><p>Informujemy, \u017ce wszystkim kt\u00f3rych dane AUDIRE przetwarza, przys\u0142uguje prawo do wniesienia skargi do Prezesa Urz\u0119du Ochrony Danych Osobowych.<\/p><\/div><\/div><\/div><\/div><\/div>\n\n\n\n<p><\/p>","protected":false},"excerpt":{"rendered":"<p>Privacy policy<\/p>","protected":false},"author":3,"featured_media":0,"parent":0,"menu_order":0,"comment_status":"closed","ping_status":"closed","template":"","meta":{"_uag_custom_page_level_css":"","site-sidebar-layout":"default","site-content-layout":"","ast-site-content-layout":"default","site-content-style":"default","site-sidebar-style":"default","ast-global-header-display":"","ast-banner-title-visibility":"","ast-main-header-display":"","ast-hfb-above-header-display":"","ast-hfb-below-header-display":"","ast-hfb-mobile-header-display":"","site-post-title":"disabled","ast-breadcrumbs-content":"","ast-featured-img":"","footer-sml-layout":"","ast-disable-related-posts":"","theme-transparent-header-meta":"","adv-header-id-meta":"","stick-header-meta":"","header-above-stick-meta":"","header-main-stick-meta":"","header-below-stick-meta":"","astra-migrate-meta-layouts":"set","ast-page-background-enabled":"default","ast-page-background-meta":{"desktop":{"background-color":"","background-image":"","background-repeat":"repeat","background-position":"center center","background-size":"auto","background-attachment":"scroll","background-type":"","background-media":"","overlay-type":"","overlay-color":"","overlay-opacity":"","overlay-gradient":""},"tablet":{"background-color":"","background-image":"","background-repeat":"repeat","background-position":"center center","background-size":"auto","background-attachment":"scroll","background-type":"","background-media":"","overlay-type":"","overlay-color":"","overlay-opacity":"","overlay-gradient":""},"mobile":{"background-color":"","background-image":"","background-repeat":"repeat","background-position":"center center","background-size":"auto","background-attachment":"scroll","background-type":"","background-media":"","overlay-type":"","overlay-color":"","overlay-opacity":"","overlay-gradient":""}},"ast-content-background-meta":{"desktop":{"background-color":"var(--ast-global-color-5)","background-image":"","background-repeat":"repeat","background-position":"center center","background-size":"auto","background-attachment":"scroll","background-type":"","background-media":"","overlay-type":"","overlay-color":"","overlay-opacity":"","overlay-gradient":""},"tablet":{"background-color":"var(--ast-global-color-5)","background-image":"","background-repeat":"repeat","background-position":"center center","background-size":"auto","background-attachment":"scroll","background-type":"","background-media":"","overlay-type":"","overlay-color":"","overlay-opacity":"","overlay-gradient":""},"mobile":{"background-color":"var(--ast-global-color-5)","background-image":"","background-repeat":"repeat","background-position":"center center","background-size":"auto","background-attachment":"scroll","background-type":"","background-media":"","overlay-type":"","overlay-color":"","overlay-opacity":"","overlay-gradient":""}},"footnotes":""},"class_list":["post-1337","page","type-page","status-publish","hentry"],"uagb_featured_image_src":{"full":false,"thumbnail":false,"medium":false,"medium_large":false,"large":false,"1536x1536":false,"2048x2048":false,"trp-custom-language-flag":false},"uagb_author_info":{"display_name":"adam","author_link":"https:\/\/www.audire.pl\/en\/author\/adam\/"},"uagb_comment_info":0,"uagb_excerpt":"Polityka prywatno\u015bci","_links":{"self":[{"href":"https:\/\/www.audire.pl\/en\/wp-json\/wp\/v2\/pages\/1337"}],"collection":[{"href":"https:\/\/www.audire.pl\/en\/wp-json\/wp\/v2\/pages"}],"about":[{"href":"https:\/\/www.audire.pl\/en\/wp-json\/wp\/v2\/types\/page"}],"author":[{"embeddable":true,"href":"https:\/\/www.audire.pl\/en\/wp-json\/wp\/v2\/users\/3"}],"replies":[{"embeddable":true,"href":"https:\/\/www.audire.pl\/en\/wp-json\/wp\/v2\/comments?post=1337"}],"version-history":[{"count":8,"href":"https:\/\/www.audire.pl\/en\/wp-json\/wp\/v2\/pages\/1337\/revisions"}],"predecessor-version":[{"id":1392,"href":"https:\/\/www.audire.pl\/en\/wp-json\/wp\/v2\/pages\/1337\/revisions\/1392"}],"wp:attachment":[{"href":"https:\/\/www.audire.pl\/en\/wp-json\/wp\/v2\/media?parent=1337"}],"curies":[{"name":"wp","href":"https:\/\/api.w.org\/{rel}","templated":true}]}}